{"id":450,"date":"2023-01-15T18:29:59","date_gmt":"2023-01-15T18:29:59","guid":{"rendered":"https:\/\/www.chadimovajana.cz\/?page_id=450"},"modified":"2026-01-27T07:42:46","modified_gmt":"2026-01-27T07:42:46","slug":"kontakt","status":"publish","type":"page","link":"https:\/\/www.chadimovajana.cz\/?page_id=450","title":{"rendered":"Kontakt"},"content":{"rendered":"\n<p><\/p>\n\n\n\n<div class=\"inherit-container-width wp-block-group alignfull is-layout-constrained wp-block-group-is-layout-constrained\">\n<div class=\"wp-block-media-text alignwide is-stacked-on-mobile\"><figure class=\"wp-block-media-text__media\"><img loading=\"lazy\" decoding=\"async\" width=\"2560\" height=\"2560\" src=\"https:\/\/www.chadimovajana.cz\/wp-content\/uploads\/2023\/01\/DSC_8450-Edit-edited-scaled.jpg\" alt=\"Jana\" class=\"wp-image-489 size-full\" srcset=\"https:\/\/www.chadimovajana.cz\/wp-content\/uploads\/2023\/01\/DSC_8450-Edit-edited-scaled.jpg 2560w, https:\/\/www.chadimovajana.cz\/wp-content\/uploads\/2023\/01\/DSC_8450-Edit-edited-300x300.jpg 300w, https:\/\/www.chadimovajana.cz\/wp-content\/uploads\/2023\/01\/DSC_8450-Edit-edited-1024x1024.jpg 1024w, https:\/\/www.chadimovajana.cz\/wp-content\/uploads\/2023\/01\/DSC_8450-Edit-edited-150x150.jpg 150w, https:\/\/www.chadimovajana.cz\/wp-content\/uploads\/2023\/01\/DSC_8450-Edit-edited-768x768.jpg 768w, https:\/\/www.chadimovajana.cz\/wp-content\/uploads\/2023\/01\/DSC_8450-Edit-edited-1536x1536.jpg 1536w, https:\/\/www.chadimovajana.cz\/wp-content\/uploads\/2023\/01\/DSC_8450-Edit-edited-2048x2048.jpg 2048w\" sizes=\"auto, (max-width: 2560px) 100vw, 2560px\" \/><\/figure><div class=\"wp-block-media-text__content\">\n<p><strong>Jana Chadimov\u00e1<\/strong><\/p>\n\n\n\n<p><strong>Telefon:<\/strong> +420 733 749 431<\/p>\n\n\n\n<p>Pokud m\u011b nezastihnete, napi\u0161te mi zpr\u00e1vu nebo e-mail, ozvu se v\u00e1m.<\/p>\n\n\n\n<p><strong>Email:<\/strong> kontakt@chadimovajana.cz<\/p>\n\n\n\n<p><strong>Kam za mnou? <\/strong>Velvary (273 24)<\/p>\n<\/div><\/div>\n<\/div>\n\n\n\n<p><\/p>\n","protected":false},"excerpt":{"rendered":"<p>Jana Chadimov\u00e1 Telefon: +420 733 749 431 Pokud m\u011b nezastihnete, napi\u0161te mi zpr\u00e1vu nebo e-mail, ozvu se v\u00e1m. Email: kontakt@chadimovajana.cz Kam za mnou? Velvary (273 24)<\/p>\n","protected":false},"author":1,"featured_media":0,"parent":0,"menu_order":0,"comment_status":"closed","ping_status":"closed","template":"","meta":{"_monsterinsights_skip_tracking":false,"_monsterinsights_sitenote_active":false,"_monsterinsights_sitenote_note":"","_monsterinsights_sitenote_category":0,"site-sidebar-layout":"default","site-content-layout":"","ast-site-content-layout":"default","site-content-style":"default","site-sidebar-style":"default","ast-global-header-display":"","ast-banner-title-visibility":"","ast-main-header-display":"","ast-hfb-above-header-display":"","ast-hfb-below-header-display":"","ast-hfb-mobile-header-display":"","site-post-title":"disabled","ast-breadcrumbs-content":"","ast-featured-img":"","footer-sml-layout":"","theme-transparent-header-meta":"","adv-header-id-meta":"","stick-header-meta":"","header-above-stick-meta":"","header-main-stick-meta":"","header-below-stick-meta":"","astra-migrate-meta-layouts":"set","ast-page-background-enabled":"default","ast-page-background-meta":{"desktop":{"background-color":"var(--ast-global-color-4)","background-image":"","background-repeat":"repeat","background-position":"center center","background-size":"auto","background-attachment":"scroll","background-type":"","background-media":"","overlay-type":"","overlay-color":"","overlay-opacity":"","overlay-gradient":""},"tablet":{"background-color":"","background-image":"","background-repeat":"repeat","background-position":"center center","background-size":"auto","background-attachment":"scroll","background-type":"","background-media":"","overlay-type":"","overlay-color":"","overlay-opacity":"","overlay-gradient":""},"mobile":{"background-color":"","background-image":"","background-repeat":"repeat","background-position":"center center","background-size":"auto","background-attachment":"scroll","background-type":"","background-media":"","overlay-type":"","overlay-color":"","overlay-opacity":"","overlay-gradient":""}},"ast-content-background-meta":{"desktop":{"background-color":"var(--ast-global-color-5)","background-image":"","background-repeat":"repeat","background-position":"center center","background-size":"auto","background-attachment":"scroll","background-type":"","background-media":"","overlay-type":"","overlay-color":"","overlay-opacity":"","overlay-gradient":""},"tablet":{"background-color":"var(--ast-global-color-5)","background-image":"","background-repeat":"repeat","background-position":"center center","background-size":"auto","background-attachment":"scroll","background-type":"","background-media":"","overlay-type":"","overlay-color":"","overlay-opacity":"","overlay-gradient":""},"mobile":{"background-color":"var(--ast-global-color-5)","background-image":"","background-repeat":"repeat","background-position":"center center","background-size":"auto","background-attachment":"scroll","background-type":"","background-media":"","overlay-type":"","overlay-color":"","overlay-opacity":"","overlay-gradient":""}},"_themeisle_gutenberg_block_has_review":false,"footnotes":""},"class_list":["post-450","page","type-page","status-publish","hentry"],"_links":{"self":[{"href":"https:\/\/www.chadimovajana.cz\/index.php?rest_route=\/wp\/v2\/pages\/450","targetHints":{"allow":["GET"]}}],"collection":[{"href":"https:\/\/www.chadimovajana.cz\/index.php?rest_route=\/wp\/v2\/pages"}],"about":[{"href":"https:\/\/www.chadimovajana.cz\/index.php?rest_route=\/wp\/v2\/types\/page"}],"author":[{"embeddable":true,"href":"https:\/\/www.chadimovajana.cz\/index.php?rest_route=\/wp\/v2\/users\/1"}],"replies":[{"embeddable":true,"href":"https:\/\/www.chadimovajana.cz\/index.php?rest_route=%2Fwp%2Fv2%2Fcomments&post=450"}],"version-history":[{"count":7,"href":"https:\/\/www.chadimovajana.cz\/index.php?rest_route=\/wp\/v2\/pages\/450\/revisions"}],"predecessor-version":[{"id":849,"href":"https:\/\/www.chadimovajana.cz\/index.php?rest_route=\/wp\/v2\/pages\/450\/revisions\/849"}],"wp:attachment":[{"href":"https:\/\/www.chadimovajana.cz\/index.php?rest_route=%2Fwp%2Fv2%2Fmedia&parent=450"}],"curies":[{"name":"wp","href":"https:\/\/api.w.org\/{rel}","templated":true}]}}