{"id":383,"date":"2023-01-15T15:57:58","date_gmt":"2023-01-15T15:57:58","guid":{"rendered":"https:\/\/www.chadimovajana.cz\/?page_id=383"},"modified":"2025-06-15T20:21:34","modified_gmt":"2025-06-15T20:21:34","slug":"esence","status":"publish","type":"page","link":"https:\/\/www.chadimovajana.cz\/?page_id=383","title":{"rendered":"Bachovy kv\u011btov\u00e9 esence"},"content":{"rendered":"\n<div class=\"wp-block-cover alignfull is-light\" style=\"min-height:261px;aspect-ratio:unset;\"><img loading=\"lazy\" decoding=\"async\" width=\"2560\" height=\"1707\" class=\"wp-block-cover__image-background wp-image-602\" alt=\"\" src=\"https:\/\/www.chadimovajana.cz\/wp-content\/uploads\/2024\/02\/ayla-verschueren-nKynHXxgEfE-unsplash-scaled.jpg\" data-object-fit=\"cover\" srcset=\"https:\/\/www.chadimovajana.cz\/wp-content\/uploads\/2024\/02\/ayla-verschueren-nKynHXxgEfE-unsplash-scaled.jpg 2560w, https:\/\/www.chadimovajana.cz\/wp-content\/uploads\/2024\/02\/ayla-verschueren-nKynHXxgEfE-unsplash-300x200.jpg 300w, https:\/\/www.chadimovajana.cz\/wp-content\/uploads\/2024\/02\/ayla-verschueren-nKynHXxgEfE-unsplash-1024x683.jpg 1024w, https:\/\/www.chadimovajana.cz\/wp-content\/uploads\/2024\/02\/ayla-verschueren-nKynHXxgEfE-unsplash-768x512.jpg 768w, https:\/\/www.chadimovajana.cz\/wp-content\/uploads\/2024\/02\/ayla-verschueren-nKynHXxgEfE-unsplash-1536x1024.jpg 1536w, https:\/\/www.chadimovajana.cz\/wp-content\/uploads\/2024\/02\/ayla-verschueren-nKynHXxgEfE-unsplash-2048x1365.jpg 2048w\" sizes=\"auto, (max-width: 2560px) 100vw, 2560px\" \/><span aria-hidden=\"true\" class=\"wp-block-cover__background has-background-dim\"><\/span><div class=\"wp-block-cover__inner-container is-layout-flow wp-block-cover-is-layout-flow\">\n<h2 class=\"wp-block-heading has-text-align-center has-large-font-size\"><mark style=\"background-color:rgba(0, 0, 0, 0);color:#ffffff\" class=\"has-inline-color\">Bachovy kv\u011btov\u00e9 esence<\/mark><\/h2>\n\n\n\n<p class=\"has-text-align-center\"><mark style=\"background-color:rgba(0, 0, 0, 0);color:#ffffff\" class=\"has-inline-color\">Bachovy kv\u011btov\u00e9 esence pom\u00e1haj\u00ed harmonizovat na\u0161i mysl a emoce, vyrovn\u00e1vat nerovnov\u00e1hu, do kter\u00e9 jsme se dostali. Umo\u017e\u0148uj\u00ed dostat se do p\u0159\u00edtomnosti a jednat z&nbsp;pozice klidu. Krok za krokem pozitivn\u011b ovliv\u0148uj\u00ed stav \u010dlov\u011bka, jeho my\u0161lenky a emoce.<\/mark><\/p>\n<\/div><\/div>\n\n\n\n<div style=\"height:58px\" aria-hidden=\"true\" class=\"wp-block-spacer\"><\/div>\n\n\n\n<p>Jedn\u00e1 se o soubor 38 z\u00e1kladn\u00edch kv\u011btov\u00fdch esenc\u00ed p\u0159ipraven\u00fdch z&nbsp;voln\u011b rostouc\u00edch kv\u011bt\u016f rostlin a strom\u016f. 39. esence je Krizov\u00e1 esence (Rescue remedy) nam\u00edchan\u00e1 z&nbsp;5 z\u00e1kladn\u00edch esenc\u00ed a u\u017e\u00edvan\u00e1 jako prvn\u00ed pomoc v&nbsp;krizov\u00fdch situac\u00edch. Esence nemaj\u00ed ne\u017e\u00e1douc\u00ed vedlej\u0161\u00ed \u00fa\u010dinky, mohou b\u00fdt u\u017e\u00edv\u00e1ny samostatn\u011b, doplnit alopatickou l\u00e9\u010dbu i u\u017e\u00edv\u00e1n\u00ed homeopatik.<\/p>\n\n\n\n<p>Edward Bach rozd\u011blil esence do 7 skupin: <strong>strach, nejistota, nedostatek z\u00e1jmu o sou\u010dasn\u00e9 ud\u00e1losti, osam\u011blost, p\u0159ecitliv\u011blost na vlivy a my\u0161lenky, skleslost a zoufalstv\u00ed a p\u0159\u00edli\u0161n\u00e1 p\u00e9\u010de<\/strong>. P\u0159i v\u00fdb\u011bru esenc\u00ed je d\u016fle\u017eit\u00fd pro\u017eitek \u010dlov\u011bka v&nbsp;ur\u010dit\u00e9 situaci, ne situace samotn\u00e1.<\/p>\n\n\n\n<p>Esence je mo\u017en\u00e9 u\u017e\u00edvat kr\u00e1tkodob\u011b, nap\u0159. pro vyrovn\u00e1n\u00ed pocit\u016f a my\u0161lenek spojen\u00fdch s&nbsp;ur\u010ditou situac\u00ed nebo moment\u00e1ln\u00ed n\u00e1lady, nebo dlouhodob\u011b.<\/p>\n\n\n\n<p>P\u0159i dlouhodob\u00e9m u\u017e\u00edv\u00e1n\u00ed se esence nam\u00edchaj\u00ed do u\u017e\u00edvac\u00ed lahvi\u010dky o objemu 30 ml. Minim\u00e1ln\u00ed denn\u00ed d\u00e1vka je 4 x denn\u011b 4 kapky, maxim\u00e1ln\u00ed d\u00e1vka nen\u00ed stanovena. Kapky se u\u017e\u00edvaj\u00ed bu\u010f rovnou pod jazyk nebo do n\u00e1poje.<\/p>\n\n\n\n<p class=\"has-text-align-center\"><strong><em>Esence na strach<\/em><\/strong><br><strong>Aspen<\/strong>&nbsp;\u2013 topol osika, 2 \u2013 strach, kter\u00fd nedok\u00e1\u017eu pojmenovat, no\u010dn\u00ed m\u016fry<br><strong>Mimulus<\/strong> \u2013 kejkl\u00ed\u0159ka skvrnit\u00e1, 20 \u2013 strach z&nbsp;konkr\u00e9tn\u00edch v\u011bc\u00ed a situac\u00ed, tr\u00e9ma<br><strong>Cherry Plum<\/strong> \u2013 sl\u00edva t\u0159e\u0161\u0148ov\u00e1, 6 \u2013 v\u00fdbu\u0161nost, strach, \u017ee ztrat\u00edm kontrolu<br><strong>Rock Rose&nbsp;<\/strong>\u2013 devatern\u00edk pen\u00edzkov\u00fd, 26 \u2013 hr\u016fza, panika, ochromen\u00ed strachem<br><strong>Red Chestnut<\/strong>&nbsp;\u2013 \u010derven\u00fd ka\u0161tan, 25 \u2013 strach o bl\u00edzk\u00e9 a jejich bezpe\u010d\u00ed<\/p>\n\n\n\n<p class=\"has-text-align-center\"><strong><em>Esence na nejistotu<\/em><\/strong><br> <strong>Cerato <\/strong>\u2013 ro\u017eec, 5 \u2013 pochyby, hled\u00e1m uji\u0161t\u011bn\u00ed u druh\u00fdch<br><strong>Sclerathus<\/strong> \u2013 chmerek ro\u010dn\u00ed, 28 \u2013 nerozhodnost, v\u00e1havost, nejistota, n\u00e1ladovost, kinet\u00f3zy<br><strong>Gentian <\/strong>\u2013 ho\u0159ec podzimn\u00ed, 12 \u2013 skleslost, ztr\u00e1ta odvahy, deprese zhor\u0161en\u00edm situace<br><strong>Gorse<\/strong> \u2013 hloda\u0161, 13 \u2013 beznad\u011bj, zoufalstv\u00ed, rezignovanost<br><strong>Hornbeam<\/strong> \u2013 habr, 17 \u2013 pocit pond\u011bln\u00edho r\u00e1na, ment\u00e1ln\u00ed nechu\u0165, prokrastinace<br><strong>Wild Oat<\/strong> \u2013 sve\u0159ep v\u011btevnat\u00fd, 36 \u2013 nerozhodnost ohledn\u011b \u017eivotn\u00ed cesty, p\u0159el\u00e9tavost<\/p>\n\n\n\n<p class=\"has-text-align-center\"><strong><em>Esence na nedostatek z\u00e1jmu o sou\u010dasn\u00e9 ud\u00e1losti<\/em><\/strong><br><strong>Clematis <\/strong>\u2013 b\u00edl\u00e1 lesn\u00ed r\u00e9va, 9 \u2013 nesoust\u0159ed\u011bnost, zasn\u011bnost, odpout\u00e1n\u00ed od reality<br><strong>Chestnut Bud<\/strong> \u2013 poup\u011b ka\u0161tanu, 7 \u2013 opakuj\u00edc\u00ed se situace a chyby, pocit, \u017ee \u017eiju v&nbsp;bludn\u00e9m kruhu, nepou\u010ditelnost<br><strong>Honeysuckle<\/strong>&nbsp;\u2013 zimolez koz\u00ed list, 16 \u2013 \u017eiju v&nbsp;minulosti a ochuzuju se o p\u0159\u00edtomnost<br><strong>Mustard<\/strong>&nbsp;\u2013 divok\u00e1 ho\u0159\u010dice, 21 \u2013 deprese, kter\u00e1 p\u0159ijde a odejde, nepochopiteln\u00e1, velk\u00e1 t\u00edha<br><strong>Olive<\/strong>&nbsp;\u2013 oliva, 23 \u2013 fyzick\u00e9 vy\u010derp\u00e1n\u00ed, \u00fanava<br><strong>White Chestnut<\/strong>&nbsp;\u2013 b\u00edl\u00fd ka\u0161tan, 35 \u2013 necht\u011bn\u00e9 my\u0161lenky, kter\u00e9 krou\u017e\u00ed v&nbsp;hlav\u011b, obavy, nesoust\u0159ed\u011bnost<br><strong>Wild Rose<\/strong>&nbsp;\u2013 plan\u00e1 r\u016f\u017ee, 37 &#8211; rezignace, apatie, nevn\u00edm\u00e1m p\u0159\u00edtomnost<\/p>\n\n\n\n<p class=\"has-text-align-center\"><strong><em>Esence na osam\u011blost<\/em><\/strong><br><strong>Heather<\/strong>&nbsp;\u2013 skotsk\u00fd v\u0159es, 14 \u2013 p\u0159\u00edli\u0161n\u00e9 soust\u0159ed\u011bn\u00ed na sebe<br><strong>Impatiens<\/strong>&nbsp;\u2013 net\u00fdkavka \u017el\u00e1zonosn\u00e1, 18 \u2013 netrp\u011blivost, d\u011bl\u00e1m v\u011bci rychle<br><strong>Water Violet<\/strong>&nbsp;\u2013 \u017eebratka bahenn\u00ed, 34 &#8211; nedosa\u017eiteln\u00fd, uzav\u0159en\u00fd ve sv\u00e9m sv\u011bt\u011b, nekomunikativn\u00ed, vzd\u00e1len\u00fd<\/p>\n\n\n\n<p class=\"has-text-align-center\"><strong><em>Esence na skleslost a zoufalstv\u00ed<\/em><\/strong><br><strong>Elm&nbsp;<\/strong>\u2013 jilm, 11 \u2013 p\u0159emo\u017een\u00e1 odpov\u011bdnost\u00ed a prac\u00ed, je toho na m\u011b moc<br><strong>Crab Apple<\/strong>&nbsp;\u2013 plan\u00e9 jablko, 10 \u2013 nel\u00edb\u00edm se sama sob\u011b, posedlost \u010distotou a po\u0159\u00e1dkem, punti\u010dk\u00e1\u0159stv\u00ed<br><strong>Larch<\/strong>&nbsp;\u2013 mod\u0159\u00edn, 19 \u2013 n\u00edzk\u00e1 sebed\u016fv\u011bra, nev\u011b\u0159\u00edm si<br><strong>Oak<\/strong>&nbsp;\u2013 dub, 22 \u2013 vy\u010derpan\u00fd bojovn\u00edk, ale nevzd\u00e1v\u00e1 se, nedovol\u00ed si odpo\u010dinout<br><strong>Pine<\/strong>&nbsp;\u2013 skotsk\u00e1 sosna, 24 \u2013 v\u00fd\u010ditky sv\u011bdom\u00ed, pocity viny<br><strong>Star of Bethlehem<\/strong>&nbsp;\u2013 sn\u011bdek okoli\u010dnat\u00fd, 29 \u2013 \u0161ok, trauma, po\u0159\u00e1d to bol\u00ed<br><strong>Sweet Chestnut<\/strong>&nbsp;\u2013 jedl\u00fd ka\u0161tan, 30 \u2013 extr\u00e9mn\u00ed zoufalstv\u00ed, do\u0161la jsem na hranu toho, co snesu, zhrout\u00edm se<br>Willow&nbsp;\u2013 \u017elut\u00e1 vrba, 38 \u2013 sebel\u00edtost, zaho\u0159klost<\/p>\n\n\n\n<p class=\"has-text-align-center\"><strong><em>Esence na p\u0159ecitliv\u011blost na vlivy a my\u0161lenky<\/em><\/strong><br><strong>Agrimony<\/strong> \u2013 \u0159ep\u00edk l\u00e9ka\u0159sk\u00fd, 1 \u2013 tr\u00e1pen\u00ed schovan\u00e9 za vesel\u00fdm obli\u010dejem<br><strong>Centaury<\/strong>&nbsp;\u2013 zem\u011b\u017elu\u010d, 4 \u2013 neschopnost \u0159\u00edct ne, nedok\u00e1\u017eu odm\u00edtnout pomoc, pod\u0159\u00edzenost<br><strong>Holly<\/strong>&nbsp;\u2013 cesm\u00edna ostrolist\u00e1, 15 \u2013 z\u00e1vist a \u017e\u00e1rlivost, nen\u00e1vist, touha po odplat\u011b<br><strong>Walnut&nbsp;<\/strong>\u2013 vla\u0161sk\u00fd o\u0159ech, 33 \u2013 pom\u00e1h\u00e1 p\u0159ijmout zm\u011bnu, ochrana p\u0159i p\u0159ecitliv\u011blosti<\/p>\n\n\n\n<p class=\"has-text-align-center\"><strong><em>Esence na p\u0159\u00edli\u0161nou p\u00e9\u010di o ostatn\u00ed<\/em><\/strong><br><strong>Beech&nbsp;<\/strong>\u2013 buk lesn\u00ed, 3 \u2013 kritika, netolerantnost, p\u0159esv\u011bd\u010den o sv\u00e9m pravd\u011b<br><strong>Chicory<\/strong>&nbsp;\u2013 \u010dekanka obecn\u00e1, 8 \u2013 touha po pozornosti za ka\u017edou cenu, majetnick\u00e1 l\u00e1ska<br><strong>Rock Water<\/strong>&nbsp;\u2013 voda z&nbsp;l\u00e9\u010div\u00fdch pramen\u016f, 27 \u2013 tvrdost v\u016f\u010di sob\u011b, sebepotla\u010den\u00ed, touha po vlastn\u00ed dokonalosti<br><strong>Vervain<\/strong>&nbsp;\u2013 spor\u00fd\u0161 l\u00e9ka\u0159sk\u00fd 31 \u2013 p\u0159\u00edli\u0161n\u00e9 nad\u0161en\u00ed, mnoho z\u00e1jm\u016f, neunaviteln\u00e1, workoholik<br><strong>Vine<\/strong>&nbsp;&#8211; vinn\u00e1 r\u00e9va 32 \u2013 nepru\u017enost, dominance a\u017e agrese<\/p>\n\n\n\n<div style=\"height:70px\" aria-hidden=\"true\" class=\"wp-block-spacer\"><\/div>\n","protected":false},"excerpt":{"rendered":"<p>Jedn\u00e1 se o soubor 38 z\u00e1kladn\u00edch kv\u011btov\u00fdch esenc\u00ed p\u0159ipraven\u00fdch z&nbsp;voln\u011b rostouc\u00edch kv\u011bt\u016f rostlin a strom\u016f. 39. esence je Krizov\u00e1 esence (Rescue remedy) nam\u00edchan\u00e1 z&nbsp;5 z\u00e1kladn\u00edch esenc\u00ed a u\u017e\u00edvan\u00e1 jako prvn\u00ed pomoc v&nbsp;krizov\u00fdch situac\u00edch. Esence nemaj\u00ed ne\u017e\u00e1douc\u00ed vedlej\u0161\u00ed \u00fa\u010dinky, mohou b\u00fdt u\u017e\u00edv\u00e1ny samostatn\u011b, doplnit alopatickou l\u00e9\u010dbu i u\u017e\u00edv\u00e1n\u00ed homeopatik. Edward Bach rozd\u011blil esence do 7 skupin: [&hellip;]<\/p>\n","protected":false},"author":1,"featured_media":0,"parent":0,"menu_order":0,"comment_status":"closed","ping_status":"closed","template":"","meta":{"_monsterinsights_skip_tracking":false,"_monsterinsights_sitenote_active":false,"_monsterinsights_sitenote_note":"","_monsterinsights_sitenote_category":0,"site-sidebar-layout":"default","site-content-layout":"","ast-site-content-layout":"default","site-content-style":"default","site-sidebar-style":"default","ast-global-header-display":"","ast-banner-title-visibility":"","ast-main-header-display":"","ast-hfb-above-header-display":"","ast-hfb-below-header-display":"","ast-hfb-mobile-header-display":"","site-post-title":"disabled","ast-breadcrumbs-content":"","ast-featured-img":"","footer-sml-layout":"","theme-transparent-header-meta":"","adv-header-id-meta":"","stick-header-meta":"","header-above-stick-meta":"","header-main-stick-meta":"","header-below-stick-meta":"","astra-migrate-meta-layouts":"set","ast-page-background-enabled":"default","ast-page-background-meta":{"desktop":{"background-color":"var(--ast-global-color-4)","background-image":"","background-repeat":"repeat","background-position":"center center","background-size":"auto","background-attachment":"scroll","background-type":"","background-media":"","overlay-type":"","overlay-color":"","overlay-opacity":"","overlay-gradient":""},"tablet":{"background-color":"","background-image":"","background-repeat":"repeat","background-position":"center center","background-size":"auto","background-attachment":"scroll","background-type":"","background-media":"","overlay-type":"","overlay-color":"","overlay-opacity":"","overlay-gradient":""},"mobile":{"background-color":"","background-image":"","background-repeat":"repeat","background-position":"center center","background-size":"auto","background-attachment":"scroll","background-type":"","background-media":"","overlay-type":"","overlay-color":"","overlay-opacity":"","overlay-gradient":""}},"ast-content-background-meta":{"desktop":{"background-color":"var(--ast-global-color-5)","background-image":"","background-repeat":"repeat","background-position":"center center","background-size":"auto","background-attachment":"scroll","background-type":"","background-media":"","overlay-type":"","overlay-color":"","overlay-opacity":"","overlay-gradient":""},"tablet":{"background-color":"var(--ast-global-color-5)","background-image":"","background-repeat":"repeat","background-position":"center center","background-size":"auto","background-attachment":"scroll","background-type":"","background-media":"","overlay-type":"","overlay-color":"","overlay-opacity":"","overlay-gradient":""},"mobile":{"background-color":"var(--ast-global-color-5)","background-image":"","background-repeat":"repeat","background-position":"center center","background-size":"auto","background-attachment":"scroll","background-type":"","background-media":"","overlay-type":"","overlay-color":"","overlay-opacity":"","overlay-gradient":""}},"_themeisle_gutenberg_block_has_review":false,"footnotes":""},"class_list":["post-383","page","type-page","status-publish","hentry"],"_links":{"self":[{"href":"https:\/\/www.chadimovajana.cz\/index.php?rest_route=\/wp\/v2\/pages\/383","targetHints":{"allow":["GET"]}}],"collection":[{"href":"https:\/\/www.chadimovajana.cz\/index.php?rest_route=\/wp\/v2\/pages"}],"about":[{"href":"https:\/\/www.chadimovajana.cz\/index.php?rest_route=\/wp\/v2\/types\/page"}],"author":[{"embeddable":true,"href":"https:\/\/www.chadimovajana.cz\/index.php?rest_route=\/wp\/v2\/users\/1"}],"replies":[{"embeddable":true,"href":"https:\/\/www.chadimovajana.cz\/index.php?rest_route=%2Fwp%2Fv2%2Fcomments&post=383"}],"version-history":[{"count":15,"href":"https:\/\/www.chadimovajana.cz\/index.php?rest_route=\/wp\/v2\/pages\/383\/revisions"}],"predecessor-version":[{"id":741,"href":"https:\/\/www.chadimovajana.cz\/index.php?rest_route=\/wp\/v2\/pages\/383\/revisions\/741"}],"wp:attachment":[{"href":"https:\/\/www.chadimovajana.cz\/index.php?rest_route=%2Fwp%2Fv2%2Fmedia&parent=383"}],"curies":[{"name":"wp","href":"https:\/\/api.w.org\/{rel}","templated":true}]}}